{"id":2903,"date":"2026-02-17T18:11:28","date_gmt":"2026-02-17T17:11:28","guid":{"rendered":"https:\/\/abressa.bcntic.com\/politique-de-confidentialite\/"},"modified":"2026-04-08T14:19:58","modified_gmt":"2026-04-08T12:19:58","slug":"politique-de-confidentialite","status":"publish","type":"page","link":"https:\/\/abressa.bcntic.com\/fr\/politique-de-confidentialite\/","title":{"rendered":"Politique de confidentialit\u00e9"},"content":{"rendered":"<p>A trav\u00e9s de la web\u00a0<a href=\"https:\/\/abressa.com\/\"><u>www.abressa.com<\/u><\/a>\u00a0 \u00a0pueden recabarse datos de car\u00e1cter personal a los Usuarios, por lo que en cumplimiento de la normativa de protecci\u00f3n de datos personales, antes de introducirlos deben leer la presente informaci\u00f3n y prestar su consentimiento para su tratamiento.<\/p>\n<p>Se informa a los usuarios que sus datos ser\u00e1n tratados confidencialmente quedando incorporados en los ficheros con las finalidades que se indican en cada caso.<\/p>\n<p>Al acceder a los distintos formularios de la web, usted deber\u00e1 rellenar obligatoriamente los campos que se le soliciten, sin que puedan registrarse ni enviarse si no los rellena todos.<\/p>\n<p>Asimismo, previamente al registro y env\u00edo del formulario con sus datos personales, ser\u00e1 preciso que marque preceptivamente el\u00a0<em>check box<\/em>\u00a0previsto al efecto, sin que el responsable pueda tratar sus datos si no realiza esta acci\u00f3n.<\/p>\n<p>ABRASIVOS DE ESPA\u00d1A, SA no se hace responsable del cumplimiento de la normativa de protecci\u00f3n de datos de terceros propietarios de otros portales a la que se puedan enlazar webs a trav\u00e9s de este portal o que hayan podido establecer\u00a0<em>links<\/em>\u00a0al mismo, por lo que el Usuario es el responsable de los datos personales que pueda proporcionarles.<\/p>\n<p><strong><em><u>\u00bfQUI\u00c9N ES EL RESPONSABLE DEL TRATAMIENTO DE SUS DATOS PERSONALES?<\/u><\/em><\/strong><\/p>\n<p><em>\u2013 Identidad:\u00a0<\/em>ABRASIVOS DE ESPA\u00d1A, SA, CIF: A-08258501<\/p>\n<p>\u2013<em>\u00a0Direcci\u00f3n postal<\/em>: C. Barcelon\u00e8s, 39 -08520- Les Franqueses del Vall\u00e8s- (Barcelona)<\/p>\n<p>\u2013 Tel\u00e9fono: 938465875<\/p>\n<p>\u2013 Co<em>rreo electr\u00f3nico:\u00a0<\/em><a href=\"mailto:ae.abressa@abressa.com\">ae.abressa@abressa.com<\/a><\/p>\n<p><strong><em><u>\u00bfCON QU\u00c9 FINALIDAD TRATAMOS SUS DATOS PERSONALES Y POR CU\u00c1NTO TIEMPO SE CONSERVAR\u00c1N?<\/u><\/em><\/strong><\/p>\n<p>El tratamiento de los datos que solicitamos tiene por finalidad atender sus peticiones de informaci\u00f3n. Sus datos se conservar\u00e1n hasta que solicite el cese de la actividad o al a\u00f1o del primer contacto.<\/p>\n<p><strong><em><u>\u00bfCU\u00c1L ES LA LEGITIMACI\u00d3N PARA EL TRATAMIENTO DE SUS DATOS?<\/u><\/em><\/strong><\/p>\n<p>El env\u00edo de informaci\u00f3n que nos solicita est\u00e1 basada en el consentimiento que nos presta.<\/p>\n<p><strong><em><u>\u00bfQUIENES SON LOS DESTINATARIOS DEL TRATAMIENTO DE SUS DATOS?<\/u><\/em><\/strong><\/p>\n<p>Sus datos personales se tratar\u00e1n por el responsable del tratamiento, cedi\u00e9ndose solamente en los supuestos previstos legalmente.<\/p>\n<p><strong><em><u>\u00bfCU\u00c1LES SON SUS DERECHOS CUANDO NOS FACILITA SUS DATOS?<\/u><\/em><\/strong><\/p>\n<p>Tiene derecho a obtener confirmaci\u00f3n sobre si se tratan datos personales que le conciernan, o no y, en tal caso, derecho de acceso a los mismos.<\/p>\n<p>Tiene derecho a solicitar la rectificaci\u00f3n de los datos inexactos o, en su caso, solicitar su supresi\u00f3n cuando, entre otros motivos, los datos ya no sean necesarios para los fines que fueron recogidos.<\/p>\n<p>En determinadas circunstancias y por motivos relacionados con su situaci\u00f3n particular, podr\u00e1 oponerse al tratamiento de sus datos.<\/p>\n<p>En determinadas circunstancias, podr\u00e1 solicitar la limitaci\u00f3n del tratamiento de sus datos, en cuyo caso \u00fanicamente los conservaremos para el ejercicio o la defensa de reclamaciones.<\/p>\n<p>Tambi\u00e9n tendr\u00e1 derecho a la portabilidad en determinadas circunstancias, recibir los datos personales que incumben y que nos haya facilitado en un formato estructurado, de uso com\u00fan y lectura mec\u00e1nica, y a que se transmitan a otros responsables del tratamiento cuando el estado de la t\u00e9cnica lo permita.<\/p>\n<p>Asimismo, podr\u00e1 retirar el consentimiento para el tratamiento de sus datos en cualquier momento, sin que ello afecte a la licitud del tratamiento basado en el consentimiento previo a su retirada.<\/p>\n<p>Para el efectivo ejercicio de los derechos indicados, deber\u00e1 enviar un escrito al efecto dirigido al responsable, a la siguiente direcci\u00f3n: c. Barcelon\u00e8s, 39 -08520- Les Franqueses del Vall\u00e8s- (Barcelona) o enviando un correo electr\u00f3nico a ae.abressa@abressa.com Deber\u00e1 acompa\u00f1ar copia del DNI, pasaporte u otro documento que le identifique, salvo en el caso que use su firma electr\u00f3nica.<\/p>\n<p>Dejaremos de tratar los datos, salvo por motivos leg\u00edtimos imperiosos, o el ejercicio o la defensa de posibles reclamaciones.<\/p>\n<p>As\u00ed mismo le informamos que tiene derecho a presentar una reclamaci\u00f3n ante una autoridad de control como lo es la Agencia Espa\u00f1ola de Protecci\u00f3n de Datos, especialmente cuando no haya obtenido satisfacci\u00f3n en el ejercicio de sus derechos, pudiendo contactar con ella en la direcci\u00f3n c. Jorge Juan,6, -28002-Madrid-.<\/p>\n","protected":false},"excerpt":{"rendered":"<p>A trav\u00e9s de la web\u00a0www.abressa.com\u00a0 \u00a0pueden recabarse datos de car\u00e1cter  [&#8230;]<\/p>\n","protected":false},"author":1,"featured_media":0,"parent":0,"menu_order":0,"comment_status":"closed","ping_status":"open","template":"","meta":{"_acf_changed":false,"footnotes":""},"class_list":["post-2903","page","type-page","status-publish","hentry"],"acf":[],"_links":{"self":[{"href":"https:\/\/abressa.bcntic.com\/fr\/wp-json\/wp\/v2\/pages\/2903","targetHints":{"allow":["GET"]}}],"collection":[{"href":"https:\/\/abressa.bcntic.com\/fr\/wp-json\/wp\/v2\/pages"}],"about":[{"href":"https:\/\/abressa.bcntic.com\/fr\/wp-json\/wp\/v2\/types\/page"}],"author":[{"embeddable":true,"href":"https:\/\/abressa.bcntic.com\/fr\/wp-json\/wp\/v2\/users\/1"}],"replies":[{"embeddable":true,"href":"https:\/\/abressa.bcntic.com\/fr\/wp-json\/wp\/v2\/comments?post=2903"}],"version-history":[{"count":1,"href":"https:\/\/abressa.bcntic.com\/fr\/wp-json\/wp\/v2\/pages\/2903\/revisions"}],"predecessor-version":[{"id":2905,"href":"https:\/\/abressa.bcntic.com\/fr\/wp-json\/wp\/v2\/pages\/2903\/revisions\/2905"}],"wp:attachment":[{"href":"https:\/\/abressa.bcntic.com\/fr\/wp-json\/wp\/v2\/media?parent=2903"}],"curies":[{"name":"wp","href":"https:\/\/api.w.org\/{rel}","templated":true}]}}