{"id":2644,"date":"2026-04-03T11:58:47","date_gmt":"2026-04-03T09:58:47","guid":{"rendered":"https:\/\/abressa.bcntic.com\/politique-relative-aux-cookies\/"},"modified":"2026-04-03T11:58:47","modified_gmt":"2026-04-03T09:58:47","slug":"politique-relative-aux-cookies","status":"publish","type":"page","link":"https:\/\/abressa.bcntic.com\/fr\/politique-relative-aux-cookies\/","title":{"rendered":"Politique relative aux cookies"},"content":{"rendered":"<p><strong>Que sont les <em>cookies<\/em> ?<\/strong><\/p>\n<p>Un(e) <em>cookie<\/em> est un fichier qui est t\u00e9l\u00e9charg\u00e9 sur votre ordinateur lorsque vous acc\u00e9dez \u00e0 certaines pages Web. Les <em>cookies<\/em> permettent \u00e0 une page Web, entre autres, de stocker et de r\u00e9cup\u00e9rer des informations sur les habitudes de navigation d\u2019un utilisateur ou de son \u00e9quipement et, selon les informations qu\u2019ils contiennent et la mani\u00e8re dont votre \u00e9quipement est utilis\u00e9, ils peuvent servir \u00e0 reconna\u00eetre l\u2019utilisateur. <\/p>\n<p><strong>QUELS TYPES DE <em>COOKIES UTILISE <\/em><\/strong><strong><em>www.abressa.com<\/em><\/strong><strong><em> ?<\/em><\/strong><\/p>\n<p><strong><u>SELON LA DUR\u00c9E PENDANT LAQUELLE ELLES RESTENT ACTIV\u00c9ES<\/u><\/strong> :<\/p>\n<p><strong>COOKIES DE SESSION<\/strong><\/p>\n<p>Ce sont celles con\u00e7ues pour collecter et stocker des donn\u00e9es pendant que l\u2019utilisateur acc\u00e8de \u00e0 une page Web.<\/p>\n<p>Elles sont g\u00e9n\u00e9ralement utilis\u00e9es pour stocker des informations qu\u2019il n\u2019est utile de conserver que pour la fourniture du service demand\u00e9 par l\u2019utilisateur en une seule occasion.<\/p>\n<p><strong>COOKIES PERSISTANTS<\/strong><\/p>\n<p>Il s\u2019agit d\u2019un type de cookies dont les donn\u00e9es restent stock\u00e9es sur le terminal et peuvent \u00eatre consult\u00e9es et trait\u00e9es pendant une p\u00e9riode d\u00e9finie par le responsable du cookie, pouvant aller de quelques minutes \u00e0 plusieurs ann\u00e9es.<\/p>\n<p><strong><u>SELON LEUR FINALIT\u00c9<\/u><\/strong> :<\/p>\n<p><strong>COOKIES TECHNIQUES : <\/strong>Ils permettent \u00e0 l\u2019utilisateur de naviguer sur une page Web, une plateforme ou une application et d\u2019utiliser les diff\u00e9rentes options ou services qui y existent, p. ex. contr\u00f4ler le trafic et la communication de donn\u00e9es, identifier la session, acc\u00e9der \u00e0 des zones \u00e0 acc\u00e8s restreint, m\u00e9moriser les \u00e9l\u00e9ments composant une commande, effectuer le processus d\u2019achat d\u2019une commande, r\u00e9aliser une demande d\u2019inscription ou de participation \u00e0 un \u00e9v\u00e9nement, utiliser des \u00e9l\u00e9ments de s\u00e9curit\u00e9 pendant la navigation, stocker des contenus pour la diffusion de vid\u00e9os ou de son, ou partager des contenus via les r\u00e9seaux sociaux.<\/p>\n<p><strong>COOKIES D\u2019ANALYSE : <\/strong>Ce sont celles qui nous permettent de quantifier le nombre d\u2019utilisateurs et ainsi d\u2019effectuer la mesure et l\u2019analyse statistique de l\u2019utilisation qu\u2019ils font du service propos\u00e9. Pour ce faire, leur navigation sur notre site Web est analys\u00e9e afin d\u2019am\u00e9liorer les services diffus\u00e9s. <\/p>\n<p>Il s\u2019agit de <em>cookies<\/em> de tiers qui sont envoy\u00e9s au terminal de l\u2019utilisateur depuis un \u00e9quipement ou un domaine g\u00e9r\u00e9 par l\u2019entit\u00e9 elle-m\u00eame qui r\u00e9alise l\u2019analyse des donn\u00e9es.<\/p>\n<p><strong>COOKIES DE PERSONNALISATION :<\/strong> Ce sont celles qui permettent \u00e0 l\u2019utilisateur d\u2019acc\u00e9der au service avec certaines caract\u00e9ristiques g\u00e9n\u00e9rales pr\u00e9d\u00e9finies en fonction d\u2019une s\u00e9rie de crit\u00e8res sur le terminal de l\u2019utilisateur, p. ex. la langue, le type de navigateur via lequel le service est consult\u00e9, la configuration r\u00e9gionale depuis laquelle le service est consult\u00e9, etc. <\/p>\n<p>Le d\u00e9tail des <em>cookies<\/em> utilis\u00e9s sur le site www.abressa.com est le suivant :<\/p>\n<p>&nbsp;<\/p>\n<p>TABLEAU DES COOKIES<\/p>\n<p>&nbsp;<\/p>\n<p>Vous pouvez obtenir plus d\u2019informations sur les cookies de tiers utilis\u00e9s par ce site Web via les liens suivants :<\/p>\n<p><a href=\"https:\/\/developers.google.com\/analytics\/devguides\/collection\/analyticsjs\/cookie-usage\">https:\/\/developers.google.com\/analytics\/devguides\/collection\/analyticsjs\/cookie-usage<\/a><\/p>\n<p>Vous pouvez \u00e9galement autoriser, bloquer ou supprimer les cookies install\u00e9s sur votre \u00e9quipement via la configuration des options du navigateur install\u00e9 sur votre ordinateur.<\/p>\n<p><strong>Firefox<\/strong><\/p>\n<p><u><a href=\"http:\/\/support.mozilla.org\/es\/kb\/habilitar-y-deshabilitar-cookies-que-los-sitios-we\">http:\/\/support.mozilla.org\/es\/kb\/habilitar-y-deshabilitar-cookies-que-los-sitios-we<\/a><\/u><\/p>\n<p><strong>Chrome<\/strong><\/p>\n<p><u><a href=\"http:\/\/support.google.com\/chrome\/bin\/answer.py?hl=es&amp;answer=95647\">http:\/\/support.google.com\/chrome\/bin\/answer.py?hl=es&amp;answer=95647<\/a><\/u><\/p>\n<p><strong>Explorer<\/strong><\/p>\n<p><u><a href=\"http:\/\/windows.microsoft.com\/es-es\/windows7\/how-to-manage-cookies-in-internet-explorer-9\">http:\/\/windows.microsoft.com\/es-es\/windows7\/how-to-manage-cookies-in-internet-explorer-9<\/a><\/u><\/p>\n<p><strong>Safari<\/strong><\/p>\n<p><u><a href=\"https:\/\/support.apple.com\/kb\/ph21411?locale=es_ES\">https:\/\/support.apple.com\/kb\/ph21411?locale=es_ES<\/a><\/u><\/p>\n<p><strong>Opera<\/strong><\/p>\n<p><u><a href=\"http:\/\/help.opera.com\/Windows\/11.50\/es-ES\/cookies.html\">http:\/\/help.opera.com\/Windows\/11.50\/es-ES\/cookies.html<\/a><\/u><\/p>\n<p><strong>Autres navigateurs<\/strong><\/p>\n<p>Consultez la documentation du navigateur que vous avez install\u00e9.<\/p>\n<p>En outre, vous pouvez \u00e9galement g\u00e9rer le stockage des cookies dans votre navigateur \u00e0 l\u2019aide d\u2019outils tels que <em>Your online choices<\/em> : <u><a href=\"http:\/\/www.youronlinechoices.com\/es\/\">www.youronlinechoices.com\/es\/<\/a><\/u><\/p>\n<p>Si vous souhaitez refuser les cookies analytiques de <em>Google Analytics<\/em> sur tous les navigateurs, afin qu\u2019aucune information vous concernant ne soit envoy\u00e9e \u00e0 <em>Google Analytics<\/em>, vous pouvez t\u00e9l\u00e9charger un module compl\u00e9mentaire qui remplit cette fonction via ce lien : <u><a href=\"https:\/\/tools.google.com\/dlpage\/gaoptout\">https:\/\/tools.google.com\/dlpage\/gaoptout<\/a><\/u>.\u201d<\/p>\n","protected":false},"excerpt":{"rendered":"<p>Que sont les cookies ? Un(e) cookie est un fichier  [&#8230;]<\/p>\n","protected":false},"author":1,"featured_media":0,"parent":0,"menu_order":0,"comment_status":"closed","ping_status":"closed","template":"100-width.php","meta":{"_acf_changed":false,"footnotes":""},"class_list":["post-2644","page","type-page","status-publish","hentry"],"acf":[],"_links":{"self":[{"href":"https:\/\/abressa.bcntic.com\/fr\/wp-json\/wp\/v2\/pages\/2644","targetHints":{"allow":["GET"]}}],"collection":[{"href":"https:\/\/abressa.bcntic.com\/fr\/wp-json\/wp\/v2\/pages"}],"about":[{"href":"https:\/\/abressa.bcntic.com\/fr\/wp-json\/wp\/v2\/types\/page"}],"author":[{"embeddable":true,"href":"https:\/\/abressa.bcntic.com\/fr\/wp-json\/wp\/v2\/users\/1"}],"replies":[{"embeddable":true,"href":"https:\/\/abressa.bcntic.com\/fr\/wp-json\/wp\/v2\/comments?post=2644"}],"version-history":[{"count":0,"href":"https:\/\/abressa.bcntic.com\/fr\/wp-json\/wp\/v2\/pages\/2644\/revisions"}],"wp:attachment":[{"href":"https:\/\/abressa.bcntic.com\/fr\/wp-json\/wp\/v2\/media?parent=2644"}],"curies":[{"name":"wp","href":"https:\/\/api.w.org\/{rel}","templated":true}]}}