{"id":2321,"date":"2026-04-01T19:22:51","date_gmt":"2026-04-01T17:22:51","guid":{"rendered":"https:\/\/abressa.bcntic.com\/societe\/"},"modified":"2026-04-08T10:09:26","modified_gmt":"2026-04-08T08:09:26","slug":"societe","status":"publish","type":"page","link":"https:\/\/abressa.bcntic.com\/fr\/societe\/","title":{"rendered":"Soci\u00e9t\u00e9"},"content":{"rendered":"<p><div class=\"fusion-fullwidth fullwidth-box fusion-builder-row-1 fusion-flex-container has-pattern-background has-mask-background nonhundred-percent-fullwidth non-hundred-percent-height-scrolling anchopersonalizado\" style=\"--awb-border-radius-top-left:0px;--awb-border-radius-top-right:0px;--awb-border-radius-bottom-right:0px;--awb-border-radius-bottom-left:0px;--awb-flex-wrap:wrap;\" ><div class=\"fusion-builder-row fusion-row fusion-flex-align-items-flex-start fusion-flex-justify-content-space-around fusion-flex-content-wrap\" style=\"max-width:1248px;margin-left: calc(-4% \/ 2 );margin-right: calc(-4% \/ 2 );\"><div class=\"fusion-layout-column fusion_builder_column fusion-builder-column-0 fusion_builder_column_1_1 1_1 fusion-flex-column\" style=\"--awb-bg-size:cover;--awb-width-large:100%;--awb-margin-top-large:0px;--awb-spacing-right-large:1.92%;--awb-margin-bottom-large:0px;--awb-spacing-left-large:1.92%;--awb-width-medium:100%;--awb-order-medium:0;--awb-spacing-right-medium:1.92%;--awb-spacing-left-medium:1.92%;--awb-width-small:100%;--awb-order-small:0;--awb-spacing-right-small:1.92%;--awb-spacing-left-small:1.92%;\"><div class=\"fusion-column-wrapper fusion-column-has-shadow fusion-flex-justify-content-flex-start fusion-content-layout-block\"><div class=\"fusion-title title fusion-title-1 fusion-sep-none fusion-title-text fusion-title-size-one\" style=\"--awb-font-size:40px;\"><h1 class=\"fusion-title-heading title-heading-left\" style=\"margin:0;font-size:1em;\">Soci\u00e9t\u00e9<\/h1><\/div><\/div><\/div><div class=\"fusion-layout-column fusion_builder_column fusion-builder-column-1 fusion-flex-column\" style=\"--awb-overflow:hidden;--awb-bg-size:cover;--awb-width-large:1250px;--awb-margin-top-large:0px;--awb-spacing-right-large:2%;--awb-margin-bottom-large:20px;--awb-spacing-left-large:2%;--awb-width-medium:1250px;--awb-order-medium:0;--awb-spacing-right-medium:2%;--awb-spacing-left-medium:2%;--awb-width-small:100%;--awb-order-small:0;--awb-spacing-right-small:1.92%;--awb-spacing-left-small:1.92%;\"><div class=\"fusion-column-wrapper fusion-column-has-shadow fusion-flex-justify-content-center fusion-content-layout-row\">\n\t\t\t\t<p class=\"rs-p-wp-fix\"><\/p>\n\t\t\t\t<sr7-module data-alias=\"empresa\" data-id=\"3\" id=\"SR7_3_1\" class=\"rs-ov-hidden\" data-version=\"6.7.39\">\n\t\t\t\t\t<sr7-adjuster><\/sr7-adjuster>\n\t\t\t\t\t<sr7-content>\n\t\t\t\t\t\t<sr7-slide id=\"SR7_3_1-16\" data-key=\"16\">\n\t\t\t\t\t\t\t<sr7-bg id=\"SR7_3_1-16-1\" class=\"sr7-layer\"><noscript><img decoding=\"async\" src=\"http:\/\/abressa.com\/wp-content\/uploads\/2016\/11\/abressa_espana.jpg\" alt=\"\" title=\"Soci\u00e9t\u00e9\"><\/noscript><\/sr7-bg>\n\t\t\t\t\t\t<\/sr7-slide>\n\t\t\t\t\t\t<sr7-slide id=\"SR7_3_1-17\" data-key=\"17\">\n\t\t\t\t\t\t\t<sr7-bg id=\"SR7_3_1-17-1\" class=\"sr7-layer\"><noscript><img decoding=\"async\" src=\"http:\/\/abressa.com\/wp-content\/uploads\/2016\/11\/abressa_canada.jpg\" alt=\"\" title=\"Soci\u00e9t\u00e9\"><\/noscript><\/sr7-bg>\n\t\t\t\t\t\t<\/sr7-slide>\n\t\t\t\t\t\t<sr7-slide id=\"SR7_3_1-18\" data-key=\"18\">\n\t\t\t\t\t\t\t<sr7-bg id=\"SR7_3_1-18-1\" class=\"sr7-layer\"><noscript><img decoding=\"async\" src=\"http:\/\/abressa.com\/wp-content\/uploads\/2016\/11\/abressa_portugal.jpg\" alt=\"\" title=\"Soci\u00e9t\u00e9\"><\/noscript><\/sr7-bg>\n\t\t\t\t\t\t<\/sr7-slide>\n\t\t\t\t\t\t<sr7-slide id=\"SR7_3_1-37\" data-key=\"37\">\n\t\t\t\t\t\t<\/sr7-slide>\n\t\t\t\t\t<\/sr7-content>\n\t\t\t\t\t<image_lists style=\"display:none\">\n\t\t\t\t\t\t<img data-src=\"\/\/abressa.com\/wp-content\/uploads\/2016\/11\/abressa_espana.jpg\" width=\"0\" height=\"0\" data-dbsrc=\"Ly9hYnJlc3NhLmNvbS93cC1jb250ZW50L3VwbG9hZHMvMjAxNi8xMS9hYnJlc3NhX2VzcGFuYS5qcGc=\"\/>\n\t\t\t\t\t\t<img data-src=\"\/\/abressa.com\/wp-content\/uploads\/2016\/11\/abressa_canada.jpg\" width=\"0\" height=\"0\" data-dbsrc=\"Ly9hYnJlc3NhLmNvbS93cC1jb250ZW50L3VwbG9hZHMvMjAxNi8xMS9hYnJlc3NhX2NhbmFkYS5qcGc=\"\/>\n\t\t\t\t\t\t<img data-src=\"\/\/abressa.com\/wp-content\/uploads\/2016\/11\/abressa_portugal.jpg\" width=\"0\" height=\"0\" data-dbsrc=\"Ly9hYnJlc3NhLmNvbS93cC1jb250ZW50L3VwbG9hZHMvMjAxNi8xMS9hYnJlc3NhX3BvcnR1Z2FsLmpwZw==\"\/>\n\t\t\t\t\t<\/image_lists>\n\t\t\t\t<\/sr7-module>\n\t\t\t\t<script>\n\t\t\t\t\tSR7.PMH ??={}; SR7.PMH[\"SR7_3_1\"] = {cn:100,state:false,fn: function() { if (_tpt!==undefined && _tpt.prepareModuleHeight !== undefined) {  _tpt.prepareModuleHeight({id:\"SR7_3_1\",el:[355,355,768,960,720],type:'standard',shdw:'0',gh:[355,355,355,307,189],gw:[900,900,900,778,480],vpt:['-100px'],size:{fullWidth:true, fullHeight:false},mh:'0',onh:0,onw:0,bg:{color:'{\"orig\":\"transparent\",\"type\":\"solid\",\"string\":\"transparent\"}'},plType:'0',plColor:'#FFFFFF'});   SR7.PMH[\"SR7_3_1\"].state=true;} else if(SR7.PMH[\"SR7_3_1\"].cn-->0)\tsetTimeout( SR7.PMH[\"SR7_3_1\"].fn,19);}};SR7.PMH[\"SR7_3_1\" ].fn();\n\t\t\t\t<\/script>\n\n\t\t\t\t<p class=\"rs-p-wp-fix\"><\/p>\n\t\t\t\t<sr7-module data-alias=\"empresa\" data-id=\"3\" id=\"SR7_3_2\" class=\"rs-ov-hidden\" data-version=\"6.7.39\">\n\t\t\t\t\t<sr7-adjuster><\/sr7-adjuster>\n\t\t\t\t\t<sr7-content>\n\t\t\t\t\t\t<sr7-slide id=\"SR7_3_2-16\" data-key=\"16\">\n\t\t\t\t\t\t\t<sr7-bg id=\"SR7_3_2-16-1\" class=\"sr7-layer\"><noscript><img decoding=\"async\" src=\"http:\/\/abressa.com\/wp-content\/uploads\/2016\/11\/abressa_espana.jpg\" alt=\"\" title=\"Soci\u00e9t\u00e9\"><\/noscript><\/sr7-bg>\n\t\t\t\t\t\t<\/sr7-slide>\n\t\t\t\t\t\t<sr7-slide id=\"SR7_3_2-17\" data-key=\"17\">\n\t\t\t\t\t\t\t<sr7-bg id=\"SR7_3_2-17-1\" class=\"sr7-layer\"><noscript><img decoding=\"async\" src=\"http:\/\/abressa.com\/wp-content\/uploads\/2016\/11\/abressa_canada.jpg\" alt=\"\" title=\"Soci\u00e9t\u00e9\"><\/noscript><\/sr7-bg>\n\t\t\t\t\t\t<\/sr7-slide>\n\t\t\t\t\t\t<sr7-slide id=\"SR7_3_2-18\" data-key=\"18\">\n\t\t\t\t\t\t\t<sr7-bg id=\"SR7_3_2-18-1\" class=\"sr7-layer\"><noscript><img decoding=\"async\" src=\"http:\/\/abressa.com\/wp-content\/uploads\/2016\/11\/abressa_portugal.jpg\" alt=\"\" title=\"Soci\u00e9t\u00e9\"><\/noscript><\/sr7-bg>\n\t\t\t\t\t\t<\/sr7-slide>\n\t\t\t\t\t\t<sr7-slide id=\"SR7_3_2-37\" data-key=\"37\">\n\t\t\t\t\t\t<\/sr7-slide>\n\t\t\t\t\t<\/sr7-content>\n\t\t\t\t\t<image_lists style=\"display:none\">\n\t\t\t\t\t\t<img data-src=\"\/\/abressa.com\/wp-content\/uploads\/2016\/11\/abressa_espana.jpg\" width=\"0\" height=\"0\" data-dbsrc=\"Ly9hYnJlc3NhLmNvbS93cC1jb250ZW50L3VwbG9hZHMvMjAxNi8xMS9hYnJlc3NhX2VzcGFuYS5qcGc=\"\/>\n\t\t\t\t\t\t<img data-src=\"\/\/abressa.com\/wp-content\/uploads\/2016\/11\/abressa_canada.jpg\" width=\"0\" height=\"0\" data-dbsrc=\"Ly9hYnJlc3NhLmNvbS93cC1jb250ZW50L3VwbG9hZHMvMjAxNi8xMS9hYnJlc3NhX2NhbmFkYS5qcGc=\"\/>\n\t\t\t\t\t\t<img data-src=\"\/\/abressa.com\/wp-content\/uploads\/2016\/11\/abressa_portugal.jpg\" width=\"0\" height=\"0\" data-dbsrc=\"Ly9hYnJlc3NhLmNvbS93cC1jb250ZW50L3VwbG9hZHMvMjAxNi8xMS9hYnJlc3NhX3BvcnR1Z2FsLmpwZw==\"\/>\n\t\t\t\t\t<\/image_lists>\n\t\t\t\t<\/sr7-module>\n\t\t\t\t<script>\n\t\t\t\t\tSR7.PMH ??={}; SR7.PMH[\"SR7_3_2\"] = {cn:100,state:false,fn: function() { if (_tpt!==undefined && _tpt.prepareModuleHeight !== undefined) {  _tpt.prepareModuleHeight({id:\"SR7_3_2\",el:[355,355,768,960,720],type:'standard',shdw:'0',gh:[355,355,355,307,189],gw:[900,900,900,778,480],vpt:['-100px'],size:{fullWidth:true, fullHeight:false},mh:'0',onh:0,onw:0,bg:{color:'{\"orig\":\"transparent\",\"type\":\"solid\",\"string\":\"transparent\"}'},plType:'0',plColor:'#FFFFFF'});   SR7.PMH[\"SR7_3_2\"].state=true;} else if(SR7.PMH[\"SR7_3_2\"].cn-->0)\tsetTimeout( SR7.PMH[\"SR7_3_2\"].fn,19);}};SR7.PMH[\"SR7_3_2\" ].fn();\n\t\t\t\t<\/script>\n<\/div><\/div><\/div><\/div><div class=\"fusion-fullwidth fullwidth-box fusion-builder-row-2 fusion-flex-container has-pattern-background has-mask-background nonhundred-percent-fullwidth non-hundred-percent-height-scrolling anchopersonalizado\" style=\"--awb-border-radius-top-left:0px;--awb-border-radius-top-right:0px;--awb-border-radius-bottom-right:0px;--awb-border-radius-bottom-left:0px;--awb-margin-top:20px;--awb-margin-bottom:20px;--awb-flex-wrap:wrap;\" ><div class=\"fusion-builder-row fusion-row fusion-flex-align-items-flex-start fusion-flex-justify-content-space-around fusion-flex-content-wrap\" style=\"max-width:1248px;margin-left: calc(-4% \/ 2 );margin-right: calc(-4% \/ 2 );\"><div class=\"fusion-layout-column fusion_builder_column fusion-builder-column-2 fusion_builder_column_2_3 2_3 fusion-flex-column\" style=\"--awb-bg-size:cover;--awb-width-large:66.666666666667%;--awb-margin-top-large:0px;--awb-spacing-right-large:2.88%;--awb-margin-bottom-large:20px;--awb-spacing-left-large:2.88%;--awb-width-medium:66.666666666667%;--awb-order-medium:0;--awb-spacing-right-medium:2.88%;--awb-spacing-left-medium:2.88%;--awb-width-small:100%;--awb-order-small:0;--awb-spacing-right-small:1.92%;--awb-spacing-left-small:1.92%;\"><div class=\"fusion-column-wrapper fusion-column-has-shadow fusion-flex-justify-content-flex-start fusion-content-layout-column\"><div class=\"fusion-text fusion-text-1\" style=\"--awb-margin-top:25px;\"><p>GRUPO ABRESSA, d\u00e9di\u00e9 \u00e0 la fabrication et la commercialisation de tous types de <strong>meules abrasives<\/strong> pour le polissage des roches ornementales et de la pierre artificielle, a \u00e9t\u00e9 consolid\u00e9 pendant plus de 40 ans en tant que leader mondial dans son secteur, r\u00e9pondant \u00e0 tout probl\u00e8me soulev\u00e9 par notre vaste client\u00e8le.<\/p>\n<p>L\u2019une des forces et pr\u00e9misse de base de GRUPO ABRESSA, est la norme de qualit\u00e9 et de l\u2019esprit d\u2019innovation et d\u2019am\u00e9lioration continue qui pr\u00e9vaut au sein du Groupe depuis sa cr\u00e9ation, ce qui a donn\u00e9 \u00e0 notre marque une grande r\u00e9putation dans le monde entier. Nous parions sur l\u2019investissement constant en ressources humaines et technologiques dans le domaine de la recherche et du d\u00e9veloppement (R &amp; D) et la modernisation continue de nos \u00e9quipements, installations et modes de production, dans le but de r\u00e9pondre \u00e0 l\u2019\u00e9volution technologique permanente de nos secteurs en introduisant des produits sp\u00e9cialis\u00e9s. <\/p>\n<p>Une autre de nos pr\u00e9occupations est la protection de l\u2019environnement, faisant un effort \u00e9conomique et humain consid\u00e9rable pour r\u00e9duire les d\u00e9chets presque \u00e0 z\u00e9ro et \u00eatre parmi les entreprises les plus respectueuses de <strong>l\u2019environnement<\/strong>.<\/p>\n<p>Nous travaillons tous les jours dans le respect de la r\u00e9glementation sur les risques professionnels, ainsi que dans l\u2019am\u00e9lioration des processus productifs et organisationnels, en obtenant les Certifications de Qualit\u00e9 <strong>ISO 9001<\/strong> en Abrasifs d\u2019Espagne, S.A.<\/p>\n<p>Notre objectif principal est de continuer \u00e0 approvisionner nos clients habituels et potentiels en leur offrant la QUALIT\u00c9, le PROFESSIONNALISME et le SERVICE les plus \u00e9lev\u00e9s qui nous permettent de maintenir notre position de leader, en r\u00e9pondant \u00e0 tous les besoins des march\u00e9s futurs.<\/p>\n<ul>\n<li><strong>ABRASIVOS DE ESPA\u00d1A, S.A.<\/strong> (1970). Soci\u00e9t\u00e9 m\u00e8re situ\u00e9e aux Franqueses del Vall\u00e9s (Barcelone). Surface de 1O.OOO m2.  <\/li>\n<li><strong>ABRESSA CANADA, INC.<\/strong>&nbsp;(1988). St-S\u00e9bastien (Qu\u00e9bec).<\/li>\n<li><strong>ABRASIVOS DE PORTUGAL LDA.<\/strong>&nbsp;(1992).&nbsp;Vila Nova de Cerveira (Portugal). 12 000 m2 de surface. <\/li>\n<\/ul>\n<\/div><\/div><\/div><div class=\"fusion-layout-column fusion_builder_column fusion-builder-column-3 fusion_builder_column_1_3 1_3 fusion-flex-column\" style=\"--awb-bg-size:cover;--awb-width-large:33.333333333333%;--awb-margin-top-large:25px;--awb-spacing-right-large:5.76%;--awb-margin-bottom-large:20px;--awb-spacing-left-large:5.76%;--awb-width-medium:33.333333333333%;--awb-order-medium:0;--awb-spacing-right-medium:5.76%;--awb-spacing-left-medium:5.76%;--awb-width-small:100%;--awb-order-small:0;--awb-spacing-right-small:1.92%;--awb-spacing-left-small:1.92%;\"><div class=\"fusion-column-wrapper fusion-column-has-shadow fusion-flex-justify-content-flex-start fusion-content-layout-column\"><div class=\"fusion-image-element \" style=\"--awb-caption-title-font-family:var(--h2_typography-font-family);--awb-caption-title-font-weight:var(--h2_typography-font-weight);--awb-caption-title-font-style:var(--h2_typography-font-style);--awb-caption-title-size:var(--h2_typography-font-size);--awb-caption-title-transform:var(--h2_typography-text-transform);--awb-caption-title-line-height:var(--h2_typography-line-height);--awb-caption-title-letter-spacing:var(--h2_typography-letter-spacing);\"><span class=\" fusion-imageframe imageframe-none imageframe-1 hover-type-none\"><img decoding=\"async\" width=\"600\" height=\"237\" title=\"abressa_espana\" src=\"https:\/\/abressa.bcntic.com\/wp-content\/uploads\/2026\/02\/abressa_espana-1-600x237.jpg\" alt class=\"img-responsive wp-image-2318\" srcset=\"https:\/\/abressa.bcntic.com\/wp-content\/uploads\/2026\/02\/abressa_espana-1-200x79.jpg 200w, https:\/\/abressa.bcntic.com\/wp-content\/uploads\/2026\/02\/abressa_espana-1-400x158.jpg 400w, https:\/\/abressa.bcntic.com\/wp-content\/uploads\/2026\/02\/abressa_espana-1-600x237.jpg 600w, https:\/\/abressa.bcntic.com\/wp-content\/uploads\/2026\/02\/abressa_espana-1-800x316.jpg 800w, https:\/\/abressa.bcntic.com\/wp-content\/uploads\/2026\/02\/abressa_espana-1.jpg 900w\" sizes=\"(max-width: 640px) 100vw, 400px\" \/><\/span><\/div><div class=\"fusion-text fusion-text-2\" style=\"--awb-font-size:13px;\"><p style=\"text-align: center;\">ABRASIVOS DE ESPA\u00d1A S.A.<\/p>\n<\/div><div class=\"fusion-image-element \" style=\"--awb-caption-title-font-family:var(--h2_typography-font-family);--awb-caption-title-font-weight:var(--h2_typography-font-weight);--awb-caption-title-font-style:var(--h2_typography-font-style);--awb-caption-title-size:var(--h2_typography-font-size);--awb-caption-title-transform:var(--h2_typography-text-transform);--awb-caption-title-line-height:var(--h2_typography-line-height);--awb-caption-title-letter-spacing:var(--h2_typography-letter-spacing);\"><span class=\" fusion-imageframe imageframe-none imageframe-2 hover-type-none\"><img decoding=\"async\" width=\"600\" height=\"237\" title=\"abressa_canada\" src=\"https:\/\/abressa.bcntic.com\/wp-content\/uploads\/2026\/02\/abressa_canada-1-600x237.jpg\" alt class=\"img-responsive wp-image-2319\" srcset=\"https:\/\/abressa.bcntic.com\/wp-content\/uploads\/2026\/02\/abressa_canada-1-200x79.jpg 200w, https:\/\/abressa.bcntic.com\/wp-content\/uploads\/2026\/02\/abressa_canada-1-400x158.jpg 400w, https:\/\/abressa.bcntic.com\/wp-content\/uploads\/2026\/02\/abressa_canada-1-600x237.jpg 600w, https:\/\/abressa.bcntic.com\/wp-content\/uploads\/2026\/02\/abressa_canada-1-800x316.jpg 800w, https:\/\/abressa.bcntic.com\/wp-content\/uploads\/2026\/02\/abressa_canada-1.jpg 900w\" sizes=\"(max-width: 640px) 100vw, 400px\" \/><\/span><\/div><div class=\"fusion-text fusion-text-3\" style=\"--awb-font-size:13px;\"><p style=\"text-align: center;\">ABRESSA CANADA INC.<\/p>\n<\/div><div class=\"fusion-image-element \" style=\"--awb-caption-title-font-family:var(--h2_typography-font-family);--awb-caption-title-font-weight:var(--h2_typography-font-weight);--awb-caption-title-font-style:var(--h2_typography-font-style);--awb-caption-title-size:var(--h2_typography-font-size);--awb-caption-title-transform:var(--h2_typography-text-transform);--awb-caption-title-line-height:var(--h2_typography-line-height);--awb-caption-title-letter-spacing:var(--h2_typography-letter-spacing);\"><span class=\" fusion-imageframe imageframe-none imageframe-3 hover-type-none\"><img decoding=\"async\" width=\"600\" height=\"237\" title=\"abressa_portugal\" src=\"https:\/\/abressa.bcntic.com\/wp-content\/uploads\/2026\/02\/abressa_portugal-1-600x237.jpg\" alt class=\"img-responsive wp-image-2320\" srcset=\"https:\/\/abressa.bcntic.com\/wp-content\/uploads\/2026\/02\/abressa_portugal-1-200x79.jpg 200w, https:\/\/abressa.bcntic.com\/wp-content\/uploads\/2026\/02\/abressa_portugal-1-400x158.jpg 400w, https:\/\/abressa.bcntic.com\/wp-content\/uploads\/2026\/02\/abressa_portugal-1-600x237.jpg 600w, https:\/\/abressa.bcntic.com\/wp-content\/uploads\/2026\/02\/abressa_portugal-1-800x316.jpg 800w, https:\/\/abressa.bcntic.com\/wp-content\/uploads\/2026\/02\/abressa_portugal-1.jpg 900w\" sizes=\"(max-width: 640px) 100vw, 400px\" \/><\/span><\/div><div class=\"fusion-text fusion-text-4\" style=\"--awb-font-size:13px;\"><p style=\"text-align: center;\">ABRASIVOS DE PORTUGAL LDA.<\/p>\n<\/div><\/div><\/div><\/div><\/div><div class=\"fusion-fullwidth fullwidth-box fusion-builder-row-3 fusion-flex-container has-pattern-background has-mask-background nonhundred-percent-fullwidth non-hundred-percent-height-scrolling\" style=\"--awb-border-radius-top-left:0px;--awb-border-radius-top-right:0px;--awb-border-radius-bottom-right:0px;--awb-border-radius-bottom-left:0px;--awb-margin-top:25px;--awb-margin-bottom:25px;--awb-flex-wrap:wrap;\" ><div class=\"fusion-builder-row fusion-row fusion-flex-align-items-flex-start fusion-flex-justify-content-space-around fusion-flex-content-wrap\" style=\"max-width:1248px;margin-left: calc(-4% \/ 2 );margin-right: calc(-4% \/ 2 );\"><div class=\"fusion-layout-column fusion_builder_column fusion-builder-column-4 fusion_builder_column_1_1 1_1 fusion-flex-column\" style=\"--awb-bg-size:cover;--awb-width-large:100%;--awb-margin-top-large:0px;--awb-spacing-right-large:1.92%;--awb-margin-bottom-large:0px;--awb-spacing-left-large:1.92%;--awb-width-medium:100%;--awb-order-medium:0;--awb-spacing-right-medium:1.92%;--awb-spacing-left-medium:1.92%;--awb-width-small:100%;--awb-order-small:0;--awb-spacing-right-small:1.92%;--awb-spacing-left-small:1.92%;\"><div class=\"fusion-column-wrapper fusion-column-has-shadow fusion-flex-justify-content-center fusion-content-layout-row\"><div class=\"fusion-image-element \" style=\"text-align:center;--awb-caption-title-font-family:var(--h2_typography-font-family);--awb-caption-title-font-weight:var(--h2_typography-font-weight);--awb-caption-title-font-style:var(--h2_typography-font-style);--awb-caption-title-size:var(--h2_typography-font-size);--awb-caption-title-transform:var(--h2_typography-text-transform);--awb-caption-title-line-height:var(--h2_typography-line-height);--awb-caption-title-letter-spacing:var(--h2_typography-letter-spacing);\"><span class=\" fusion-imageframe imageframe-none imageframe-4 hover-type-none\"><a class=\"fusion-no-lightbox\" href=\"\/wp-content\/uploads\/2026\/02\/abresa-prr-pdf.jpg\" target=\"_self\" aria-label=\"ppr\"><img decoding=\"async\" width=\"527\" height=\"76\" src=\"https:\/\/abressa.bcntic.com\/wp-content\/uploads\/2026\/02\/ppr.png\" alt class=\"img-responsive wp-image-2265\" srcset=\"https:\/\/abressa.bcntic.com\/wp-content\/uploads\/2026\/02\/ppr-200x29.png 200w, https:\/\/abressa.bcntic.com\/wp-content\/uploads\/2026\/02\/ppr-400x58.png 400w, https:\/\/abressa.bcntic.com\/wp-content\/uploads\/2026\/02\/ppr.png 527w\" sizes=\"(max-width: 640px) 100vw, 527px\" \/><\/a><\/span><\/div><\/div><\/div><\/div><\/div><\/p>\n","protected":false},"excerpt":{"rendered":"","protected":false},"author":1,"featured_media":0,"parent":0,"menu_order":0,"comment_status":"closed","ping_status":"closed","template":"100-width.php","meta":{"_acf_changed":false,"footnotes":""},"class_list":["post-2321","page","type-page","status-publish","hentry"],"acf":[],"_links":{"self":[{"href":"https:\/\/abressa.bcntic.com\/fr\/wp-json\/wp\/v2\/pages\/2321","targetHints":{"allow":["GET"]}}],"collection":[{"href":"https:\/\/abressa.bcntic.com\/fr\/wp-json\/wp\/v2\/pages"}],"about":[{"href":"https:\/\/abressa.bcntic.com\/fr\/wp-json\/wp\/v2\/types\/page"}],"author":[{"embeddable":true,"href":"https:\/\/abressa.bcntic.com\/fr\/wp-json\/wp\/v2\/users\/1"}],"replies":[{"embeddable":true,"href":"https:\/\/abressa.bcntic.com\/fr\/wp-json\/wp\/v2\/comments?post=2321"}],"version-history":[{"count":0,"href":"https:\/\/abressa.bcntic.com\/fr\/wp-json\/wp\/v2\/pages\/2321\/revisions"}],"wp:attachment":[{"href":"https:\/\/abressa.bcntic.com\/fr\/wp-json\/wp\/v2\/media?parent=2321"}],"curies":[{"name":"wp","href":"https:\/\/api.w.org\/{rel}","templated":true}]}}