{"id":2279,"date":"2026-04-03T12:00:25","date_gmt":"2026-04-03T10:00:25","guid":{"rendered":"https:\/\/abressa.bcntic.com\/mentions-legales\/"},"modified":"2026-04-08T10:55:33","modified_gmt":"2026-04-08T08:55:33","slug":"mentions-legales","status":"publish","type":"page","link":"https:\/\/abressa.bcntic.com\/fr\/mentions-legales\/","title":{"rendered":"Mentions l\u00e9gales"},"content":{"rendered":"<div class=\"fusion-fullwidth fullwidth-box fusion-builder-row-1 fusion-flex-container nonhundred-percent-fullwidth non-hundred-percent-height-scrolling\" style=\"--awb-border-radius-top-left:0px;--awb-border-radius-top-right:0px;--awb-border-radius-bottom-right:0px;--awb-border-radius-bottom-left:0px;--awb-flex-wrap:wrap;\" ><div class=\"fusion-builder-row fusion-row fusion-flex-align-items-flex-start fusion-flex-content-wrap\" style=\"max-width:1248px;margin-left: calc(-4% \/ 2 );margin-right: calc(-4% \/ 2 );\"><div class=\"fusion-layout-column fusion_builder_column fusion-builder-column-0 fusion_builder_column_1_1 1_1 fusion-flex-column\" style=\"--awb-bg-size:cover;--awb-width-large:100%;--awb-margin-top-large:0px;--awb-spacing-right-large:1.92%;--awb-margin-bottom-large:0px;--awb-spacing-left-large:1.92%;--awb-width-medium:100%;--awb-spacing-right-medium:1.92%;--awb-spacing-left-medium:1.92%;--awb-width-small:100%;--awb-spacing-right-small:1.92%;--awb-spacing-left-small:1.92%;\"><div class=\"fusion-column-wrapper fusion-flex-justify-content-flex-start fusion-content-layout-column\"><div class=\"fusion-text fusion-text-1\"><p><strong><u>IDENTIFICATION<\/u><\/strong><\/p>\n<p>Ce site web www.abressa.com est propri\u00e9t\u00e9 d\u2019ABRASIVOS DE ESPA\u00d1A, SA (d\u00e9sormais ABRESSA), CIF A- 08258501, avec adresse sociale \u00e0 Rue Barcelon\u00e8s, 39 \u2013 08520- Les Franqueses del Vall\u00e8s. Inscrite au Registre du Commerce de Barcelona, Tome 44279, Feuille 33, Section 8, Page 87904, t\u00e9l\u00e9phone n\u00ba 938465875, e-mail <a href=\"https:\/\/www.abressa.com\/\">ae.abressa@abressa.com<\/a><\/p>\n<p><strong><u>CONDICIONS D\u2019UTILISATION DU PORTAIL ET RESPONSABILIT\u00c9S<\/u><\/strong><\/p>\n<p>L\u2019acc\u00e8s \u00e0 ce portail est gratuit, bien entendu que tout ce qui acc\u00e8de ou utilise ce site aura la condition d\u2019utilisateur et devra accepter toutes les conditions sans exception.<\/p>\n<p>L\u2019utilisateur est le responsable de la bonne utilisation du portail, de son contenu et services, aussi de la v\u00e9racit\u00e9 et de la rectitude des coordonn\u00e9es fournis pour acc\u00e9der, \u00e9tant express\u00e9ment interdite toutes les activit\u00e9s qu\u2019on peut consid\u00e9rer contraires \u00e0 la loi en vigueur, le propri\u00e9taire du portail a le droit \u00e0 emp\u00eacher totalement ou partialement l\u2019acc\u00e8s \u00e0 son site web ou \u00e0 ses contenu ou aux services, ainsi comme exercer les actions l\u00e9gales contre ceux qui ne accomplissent pas ces conditions d\u2019utilisation, le propri\u00e9taire du portail s\u2019exempte de toutes les responsabilit\u00e9s d\u00e9riv\u00e9es de l\u2019utilisation de tierces parties, ou d\u2019actes fortuits ou de force majeure.<\/p>\n<p>Sans pr\u00e9avis, le propri\u00e9taire du portail se r\u00e9serve le droit \u00e0 changer et r\u00e9viser ce site web \u00e0 tout moment, changeant, ajoutant, \u00e9liminant tout ou une part des contenu, services ou dessin du portail.<\/p>\n<p><strong><u>DROITS DE PROPRI\u00c9T\u00c9 INTELLECTUALLE ET INDUSTRIALLE<\/u><\/strong><\/p>\n<p>Le software, le dessin, le code source et tous les contenu du portail <a href=\"https:\/\/www.abressa.com\/\">www.abressa.com<\/a>, comme les textes, inclus les mentions l\u00e9gales, photographies, logos, marques, et des autres signes distinctives qui apparaissent dans le site, sont propri\u00e9t\u00e9 du titulaire du portail ou de tierces parties qui ont autoris\u00e9 son utilisation, \u00e9tant prot\u00e9g\u00e9 par la l\u00e9gislation de la propri\u00e9t\u00e9 intellectuelle et industrielle.<\/p>\n<p>L\u2019utilisation, reproduction, distribution, communication publique, transformation totale ou partiale des contenu de ce portail ou n\u2019importe quelle autre activit\u00e9 similaire ou analogue, sont totalement interdits sauf qu\u2019il y a une autorisation expresse du propri\u00e9taire du portail. La licence d\u2019utilisation de n\u2019importe quel contenu de ce portail donn\u00e9 \u00e0 l\u2019utilisateur est limit\u00e9e au t\u00e9l\u00e9chargement de ce contenu et \u00e0 son utilisation priv\u00e9e, pendant que l\u2019utilisateur respecte l\u2019int\u00e9grit\u00e9 des contenus.<\/p>\n<p>C\u2019est express\u00e9ment interdit la r\u00e9alisation de \u201c<em>framings<\/em>\u201d ou l\u2019utilisation de n\u2019importe quel m\u00e9canisme qui modifie le dessin, configuration ou contenu du portail.<\/p>\n<p>Le propri\u00e9taire du portal veut respecter les droits de propri\u00e9t\u00e9 intellectuelle et industrielle de tierces parties, du coup si vous consid\u00e9rez que ce site pourrait les violer, contactez-nous \u00e0 travers n\u2019importe quelles coordonn\u00e9es de contact indiqu\u00e9es sur la section \u00ab Identification \u00bb.<\/p>\n<p><strong><u>LIENS OU HIPERLIENS<\/u><\/strong><\/p>\n<p>\u00c0 fin de faciliter l\u2019acc\u00e8s \u00e0 la page Web que le propri\u00e9taire du portail consid\u00e8re que peuvent \u00eatre d\u2019int\u00e9r\u00eat pour l\u2019utilisateur et dont la titularit\u00e9 ne le appartient pas, on peut fournir des liens \u00e0 eux, sans que le propri\u00e9taire soit responsable des contenus, du fonctionnement du web li\u00e9, ou des possibles dommages li\u00e9s \u00e0 l\u2019acc\u00e8s ou l\u2019utilisation de ces liens, du coup l\u2019utilisateur assume sous sa responsabilit\u00e9 toutes les cons\u00e9quences inclus les nuisibles d\u00e9riv\u00e9es de l\u2019utilisation de cet acc\u00e8s.<\/p>\n<p>Les liens des autres webs sans autorisation pr\u00e9alable au web du propri\u00e9taire sont interdits. N\u00e9anmoins, le propri\u00e9taire du portail d\u00e9cline n\u2019importe quelle responsabilit\u00e9 par les dommages et pr\u00e9judices que pourraient avoir pour l\u2019utilisateur pour l\u2019acc\u00e8s et l\u2019utilisation du portail qui a fourni le lien.<\/p>\n<p><strong><u>LOI APPLICABLE ET JURIDICTION<\/u><\/strong><\/p>\n<p>La l\u00e9gislation espagnole serra l\u2019applicable en cas de conflits d\u00e9riv\u00e9s de l\u2019acc\u00e8s et l\u2019utilisation de ce Web. N\u2019importe quoi a \u00e9t\u00e9 \u00e9tablie pour les cas sp\u00e9ciaux, toutes les parties renoncent aux autres forums qui peuvent leur correspondre, toutes les parties se soumettent \u00e0 la juridiction des tribunaux de la ville de Granollers.<\/p>\n<\/div><\/div><\/div><\/div><\/div>\n","protected":false},"excerpt":{"rendered":"","protected":false},"author":1,"featured_media":0,"parent":0,"menu_order":0,"comment_status":"closed","ping_status":"closed","template":"100-width.php","meta":{"_acf_changed":false,"footnotes":""},"class_list":["post-2279","page","type-page","status-publish","hentry"],"acf":[],"_links":{"self":[{"href":"https:\/\/abressa.bcntic.com\/fr\/wp-json\/wp\/v2\/pages\/2279","targetHints":{"allow":["GET"]}}],"collection":[{"href":"https:\/\/abressa.bcntic.com\/fr\/wp-json\/wp\/v2\/pages"}],"about":[{"href":"https:\/\/abressa.bcntic.com\/fr\/wp-json\/wp\/v2\/types\/page"}],"author":[{"embeddable":true,"href":"https:\/\/abressa.bcntic.com\/fr\/wp-json\/wp\/v2\/users\/1"}],"replies":[{"embeddable":true,"href":"https:\/\/abressa.bcntic.com\/fr\/wp-json\/wp\/v2\/comments?post=2279"}],"version-history":[{"count":3,"href":"https:\/\/abressa.bcntic.com\/fr\/wp-json\/wp\/v2\/pages\/2279\/revisions"}],"predecessor-version":[{"id":2330,"href":"https:\/\/abressa.bcntic.com\/fr\/wp-json\/wp\/v2\/pages\/2279\/revisions\/2330"}],"wp:attachment":[{"href":"https:\/\/abressa.bcntic.com\/fr\/wp-json\/wp\/v2\/media?parent=2279"}],"curies":[{"name":"wp","href":"https:\/\/api.w.org\/{rel}","templated":true}]}}